{"id":91,"date":"2025-12-09T09:07:32","date_gmt":"2025-12-09T09:07:32","guid":{"rendered":"https:\/\/bestgermanbrandsfash5653.live-website.com\/?page_id=91"},"modified":"2025-12-09T13:35:53","modified_gmt":"2025-12-09T13:35:53","slug":"contacto","status":"publish","type":"page","link":"https:\/\/best-german-brands-fashion.com\/index.php\/contacto\/","title":{"rendered":"Contacto"},"content":{"rendered":"\t\t<div data-elementor-type=\"wp-page\" data-elementor-id=\"91\" class=\"elementor elementor-91\">\n\t\t\t\t<div class=\"elementor-element elementor-element-0505754 e-flex e-con-boxed e-con e-parent\" data-id=\"0505754\" data-element_type=\"container\">\n\t\t\t\t\t<div class=\"e-con-inner\">\n\t\t\t\t<div class=\"elementor-element elementor-element-c55839d elementor-widget elementor-widget-heading\" data-id=\"c55839d\" data-element_type=\"widget\" data-widget_type=\"heading.default\">\n\t\t\t\t\t<h1 class=\"elementor-heading-title elementor-size-default\">Contacto<\/h1>\t\t\t\t<\/div>\n\t\t\t\t<div class=\"elementor-element elementor-element-49fb070 elementor-widget elementor-widget-text-editor\" data-id=\"49fb070\" data-element_type=\"widget\" data-widget_type=\"text-editor.default\">\n\t\t\t\t\t\t\t\t\t<p><strong>\u00bftienes alguna pregunta sobre la tienda online?\u00a0<\/strong><\/p><p>Simplemente visite nuestra p\u00e1gina de ayuda e informaci\u00f3n y conozca los siguientes temas:<\/p><ul><li>Pedido y cuenta de cliente<\/li><li>Env\u00edo y entrega\u00a0<\/li><li>M\u00e9todos de pago<\/li><li>Privacidad y seguridad<\/li><li>Disponibilidad de productos<\/li><\/ul><p>Si tiene alguna pregunta, escriba a nuestro servicio de atenci\u00f3n al cliente utilizando nuestro formulario de contacto. Tambi\u00e9n puede comunicarse con nuestro servicio de atenci\u00f3n al cliente utilizando los siguientes datos de contacto:<\/p><p>E-mail: &#8230;<br \/>Tel\u00e9fono: &#8230;<\/p><p>O env\u00edenos una consulta individual mediante el formulario de contacto:<\/p>\t\t\t\t\t\t\t\t<\/div>\n\t\t\t\t\t<\/div>\n\t\t\t\t<\/div>\n\t\t<div class=\"elementor-element elementor-element-4cda8c6 e-flex e-con-boxed e-con e-parent\" data-id=\"4cda8c6\" data-element_type=\"container\">\n\t\t\t\t\t<div class=\"e-con-inner\">\n\t\t\t\t<div class=\"elementor-element elementor-element-361129b elementor-widget elementor-widget-html\" data-id=\"361129b\" data-element_type=\"widget\" data-widget_type=\"html.default\">\n\t\t\t\t\t<style>\n\/* CONTENEDOR GENERAL *\/\n.contacto-form {\n  max-width: 1100px;\n  margin: 0 auto;\n  font-family: inherit;\n}\n\n\/* FILAS Y DISTRIBUCI\u00d3N *\/\n.contacto-form .fila {\n  display: flex;\n  flex-wrap: wrap;\n  gap: 20px;\n  margin-bottom: 20px;\n}\n\n.contacto-form .fila-3 .campo {\n  flex: 1 1 calc(33.333% - 13.4px);\n}\n\n.contacto-form .fila-2 .campo {\n  flex: 1 1 calc(50% - 10px);\n}\n\n.contacto-form .fila-checkbox {\n  align-items: center;\n}\n\n.contacto-form .fila-boton {\n  justify-content: flex-end;\n}\n\n\/* CAMPOS *\/\n.contacto-form .campo {\n  width: 100%;\n}\n\n.contacto-form label {\n  display: block;\n  margin-bottom: 6px;\n  font-size: 14px;\n}\n\n.contacto-form label span {\n  color: #d00;\n}\n\n.contacto-form input,\n.contacto-form select,\n.contacto-form textarea {\n  width: 100%;\n  padding: 12px 14px;\n  border: 1px solid #ddd;\n  border-radius: 6px;\n  font-size: 15px;\n  box-sizing: border-box;\n}\n\n.contacto-form input:focus,\n.contacto-form select:focus,\n.contacto-form textarea:focus {\n  outline: none;\n  border-color: #000;\n}\n\n\/* TEXTO LEGAL *\/\n.contacto-form .texto-legal {\n  font-size: 13px;\n  color: #555;\n  margin-bottom: 10px;\n}\n\n.contacto-form .texto-legal a {\n  text-decoration: underline;\n}\n\n.contacto-form .titulo-datos {\n  font-size: 20px;\n  margin: 20px 0 10px;\n}\n\n\/* CHECKBOX LEGAL *\/\n.checkbox-legal {\n  display: flex;\n  align-items: flex-start;\n  gap: 8px;\n  font-size: 14px;\n}\n\n.checkbox-legal input {\n  margin-top: 4px;\n  width: auto;\n}\n\n.checkbox-legal .asterisco {\n  color: #d00;\n}\n\n\/* BOT\u00d3N *\/\n.btn-enviar {\n  background: #111;\n  color: #fff;\n  padding: 14px 32px;\n  border-radius: 6px;\n  border: none;\n  cursor: pointer;\n  text-transform: uppercase;\n  letter-spacing: 1px;\n  font-size: 13px;\n}\n\n.btn-enviar:hover {\n  background: #333;\n}\n\n\/* RESPONSIVE *\/\n@media (max-width: 768px) {\n  .contacto-form .fila-3 .campo,\n  .contacto-form .fila-2 .campo {\n    flex: 1 1 100%;\n  }\n\n  .contacto-form .fila-boton {\n    justify-content: center;\n  }\n}\n<\/style>\n\n<form class=\"contacto-form\" action=\"#\" method=\"POST\">\n  <!-- FILA 1: Saludo, Nombre, Apellidos -->\n  <div class=\"fila fila-3\">\n    <div class=\"campo\">\n      <label for=\"saludo\">Saludo <span>*<\/span><\/label>\n      <select id=\"saludo\" name=\"saludo\" required>\n        <option value=\"\">Seleccione saludo...<\/option>\n        <option value=\"sr\">Sr.<\/option>\n        <option value=\"sra\">Sra.<\/option>\n        <option value=\"srta\">Srta.<\/option>\n      <\/select>\n    <\/div>\n\n    <div class=\"campo\">\n      <label for=\"nombre\">Nombre <span>*<\/span><\/label>\n      <input type=\"text\" id=\"nombre\" name=\"nombre\" required>\n    <\/div>\n\n    <div class=\"campo\">\n      <label for=\"apellidos\">Apellidos <span>*<\/span><\/label>\n      <input type=\"text\" id=\"apellidos\" name=\"apellidos\" required>\n    <\/div>\n  <\/div>\n\n  <!-- FILA 2: Email y Tel\u00e9fono -->\n  <div class=\"fila fila-2\">\n    <div class=\"campo\">\n      <label for=\"email\">Direcci\u00f3n de correo electr\u00f3nico <span>*<\/span><\/label>\n      <input type=\"email\" id=\"email\" name=\"email\" required>\n    <\/div>\n\n    <div class=\"campo\">\n      <label for=\"telefono\">Tel\u00e9fono <span>*<\/span><\/label>\n      <input type=\"tel\" id=\"telefono\" name=\"telefono\" required>\n    <\/div>\n  <\/div>\n\n  <!-- FILA 3: Asunto -->\n  <div class=\"fila\">\n    <div class=\"campo\">\n      <label for=\"asunto\">Asunto <span>*<\/span><\/label>\n      <input type=\"text\" id=\"asunto\" name=\"asunto\" required>\n    <\/div>\n  <\/div>\n\n  <!-- FILA 4: Comentario -->\n  <div class=\"fila\">\n    <div class=\"campo\">\n      <label for=\"comentario\">Comentario <span>*<\/span><\/label>\n      <textarea id=\"comentario\" name=\"comentario\" rows=\"5\" required><\/textarea>\n    <\/div>\n  <\/div>\n\n  <!-- TEXTO LEGAL -->\n  <p class=\"texto-legal\">\n    Esta p\u00e1gina est\u00e1 protegida por reCAPTCHA y se aplican la\n    <a href=\"#\">Pol\u00edtica de privacidad<\/a> y las\n    <a href=\"#\">Condiciones de uso<\/a>.\n  <\/p>\n\n  <h3 class=\"titulo-datos\">Protecci\u00f3n de datos<\/h3>\n\n  <div class=\"fila fila-checkbox\">\n    <label class=\"checkbox-legal\">\n      <input type=\"checkbox\" name=\"rgpd\" required>\n      <span>\n        Estoy de acuerdo con las <a href=\"#\">Condiciones generales<\/a> y la\n        <a href=\"#\">Pol\u00edtica de privacidad<\/a>.\n      <\/span>\n      <span class=\"asterisco\">*<\/span>\n    <\/label>\n  <\/div>\n\n  <p class=\"texto-legal\">\n    Los campos marcados con una estrella (*) son obligatorios.\n  <\/p>\n\n  <!-- BOT\u00d3N ENVIAR -->\n  <div class=\"fila fila-boton\">\n    <button type=\"submit\" class=\"btn-enviar\">ENVIAR<\/button>\n  <\/div>\n<\/form>\n\n\n\t\t\t\t<\/div>\n\t\t\t\t<div class=\"elementor-element elementor-element-287c11f elementor-widget elementor-widget-spacer\" data-id=\"287c11f\" data-element_type=\"widget\" data-widget_type=\"spacer.default\">\n\t\t\t\t\t\t\t<div class=\"elementor-spacer\">\n\t\t\t<div class=\"elementor-spacer-inner\"><\/div>\n\t\t<\/div>\n\t\t\t\t\t\t<\/div>\n\t\t\t\t\t<\/div>\n\t\t\t\t<\/div>\n\t\t\t\t<\/div>\n\t\t","protected":false},"excerpt":{"rendered":"<p>Contacto \u00bftienes alguna pregunta sobre la tienda online?\u00a0 Simplemente visite nuestra p\u00e1gina de ayuda e informaci\u00f3n y conozca los siguientes [&hellip;]<\/p>\n","protected":false},"author":1,"featured_media":0,"parent":0,"menu_order":0,"comment_status":"closed","ping_status":"closed","template":"","meta":{"site-sidebar-layout":"no-sidebar","site-content-layout":"","ast-site-content-layout":"full-width-container","site-content-style":"default","site-sidebar-style":"default","ast-global-header-display":"","ast-banner-title-visibility":"","ast-main-header-display":"","ast-hfb-above-header-display":"","ast-hfb-below-header-display":"","ast-hfb-mobile-header-display":"","site-post-title":"disabled","ast-breadcrumbs-content":"","ast-featured-img":"disabled","footer-sml-layout":"","theme-transparent-header-meta":"","adv-header-id-meta":"","stick-header-meta":"","header-above-stick-meta":"","header-main-stick-meta":"","header-below-stick-meta":"","astra-migrate-meta-layouts":"default","ast-page-background-enabled":"default","ast-page-background-meta":{"desktop":{"background-color":"var(--ast-global-color-5)","background-image":"","background-repeat":"repeat","background-position":"center center","background-size":"auto","background-attachment":"scroll","background-type":"","background-media":"","overlay-type":"","overlay-color":"","overlay-opacity":"","overlay-gradient":""},"tablet":{"background-color":"","background-image":"","background-repeat":"repeat","background-position":"center center","background-size":"auto","background-attachment":"scroll","background-type":"","background-media":"","overlay-type":"","overlay-color":"","overlay-opacity":"","overlay-gradient":""},"mobile":{"background-color":"","background-image":"","background-repeat":"repeat","background-position":"center center","background-size":"auto","background-attachment":"scroll","background-type":"","background-media":"","overlay-type":"","overlay-color":"","overlay-opacity":"","overlay-gradient":""}},"ast-content-background-meta":{"desktop":{"background-color":"var(--ast-global-color-4)","background-image":"","background-repeat":"repeat","background-position":"center center","background-size":"auto","background-attachment":"scroll","background-type":"","background-media":"","overlay-type":"","overlay-color":"","overlay-opacity":"","overlay-gradient":""},"tablet":{"background-color":"var(--ast-global-color-4)","background-image":"","background-repeat":"repeat","background-position":"center center","background-size":"auto","background-attachment":"scroll","background-type":"","background-media":"","overlay-type":"","overlay-color":"","overlay-opacity":"","overlay-gradient":""},"mobile":{"background-color":"var(--ast-global-color-4)","background-image":"","background-repeat":"repeat","background-position":"center center","background-size":"auto","background-attachment":"scroll","background-type":"","background-media":"","overlay-type":"","overlay-color":"","overlay-opacity":"","overlay-gradient":""}},"footnotes":""},"class_list":["post-91","page","type-page","status-publish","hentry"],"_links":{"self":[{"href":"https:\/\/best-german-brands-fashion.com\/index.php\/wp-json\/wp\/v2\/pages\/91","targetHints":{"allow":["GET"]}}],"collection":[{"href":"https:\/\/best-german-brands-fashion.com\/index.php\/wp-json\/wp\/v2\/pages"}],"about":[{"href":"https:\/\/best-german-brands-fashion.com\/index.php\/wp-json\/wp\/v2\/types\/page"}],"author":[{"embeddable":true,"href":"https:\/\/best-german-brands-fashion.com\/index.php\/wp-json\/wp\/v2\/users\/1"}],"replies":[{"embeddable":true,"href":"https:\/\/best-german-brands-fashion.com\/index.php\/wp-json\/wp\/v2\/comments?post=91"}],"version-history":[{"count":8,"href":"https:\/\/best-german-brands-fashion.com\/index.php\/wp-json\/wp\/v2\/pages\/91\/revisions"}],"predecessor-version":[{"id":147,"href":"https:\/\/best-german-brands-fashion.com\/index.php\/wp-json\/wp\/v2\/pages\/91\/revisions\/147"}],"wp:attachment":[{"href":"https:\/\/best-german-brands-fashion.com\/index.php\/wp-json\/wp\/v2\/media?parent=91"}],"curies":[{"name":"wp","href":"https:\/\/api.w.org\/{rel}","templated":true}]}}